{"id":24,"date":"2021-06-01T13:57:33","date_gmt":"2021-06-01T11:57:33","guid":{"rendered":"http:\/\/www.ajttemuseivanner.se\/2021\/?page_id=24"},"modified":"2024-12-12T17:44:22","modified_gmt":"2024-12-12T16:44:22","slug":"bli-medlem","status":"publish","type":"page","link":"https:\/\/www.ajttemuseivanner.se\/start\/bli-medlem\/","title":{"rendered":"Bli medlem"},"content":{"rendered":"<p>F\u00f6r \u00e5rsavgiften f\u00e5r du (f\u00f6rutom att du st\u00f6der \u00c1jttes verksamhet) intr\u00e4de till museet och Fj\u00e4lltr\u00e4dg\u00e5rden. Du f\u00e5r \u00e4ven 15% rabatt i museibutiken och Jokkmokks Tenn (g\u00e4ller ej f\u00f6r reparationer utan endast produkter), samt 5% rabatt p\u00e5 fabrikspriser hos c\/o Gerds butik i Jokkmokk. Du inbjuds som medlem att \u00e4ven delta i f\u00f6reningens utflykter och \u00f6vriga aktiviter, samt att du f\u00e5r f\u00f6reningens \u00e5rsskrift hemskickad per post.<\/p>\n<p><strong>Hur blir jag medlem?<\/strong><br \/>\nDu blir medlem genom att betala in \u00e5rets medlemsavgift enligt nedan.<br \/>\n<strong>Bankgiro<\/strong> 5285-7653<br \/>\n<strong>Swish<\/strong> 123 265 70 54.<br \/>\nKom ih\u00e5g att uppge ditt namn och mailadress p\u00e5 inbetalningen. Viktigt \u00e4r ocks\u00e5 att du som \u00e4r ny medlem skickar ett mail separat med namn, postadress och din mailadress till museivanner@ajtte.com.<\/p>\n<p><strong>Medlemsavgift<\/strong><br \/>\nIndividuellt medlemskap: SEK 200<br \/>\nFamiljekort, g\u00e4ller 2 vuxna personer j\u00e4mte barn under 16 \u00e5r p\u00e5 samma adress: SEK 300<br \/>\nSt\u00e4ndigt medlemskap (eng\u00e5ngsbelopp): SEK 3000<\/p>\n","protected":false},"excerpt":{"rendered":"<p>F\u00f6r \u00e5rsavgiften f\u00e5r du (f\u00f6rutom att du st\u00f6der \u00c1jttes verksamhet) intr\u00e4de till museet och Fj\u00e4lltr\u00e4dg\u00e5rden. Du f\u00e5r \u00e4ven 15% rabatt i museibutiken och Jokkmokks Tenn (g\u00e4ller ej f\u00f6r reparationer utan endast produkter), samt 5% rabatt p\u00e5 fabrikspriser hos c\/o Gerds butik i Jokkmokk. Du inbjuds som medlem att \u00e4ven delta i f\u00f6reningens utflykter och \u00f6vriga&hellip;<\/p>\n<p class=\"more-link-p\"><a class=\"btn btn-primary\" href=\"https:\/\/www.ajttemuseivanner.se\/start\/bli-medlem\/\">Read more &rarr;<\/a><\/p>\n","protected":false},"author":1,"featured_media":0,"parent":0,"menu_order":0,"comment_status":"closed","ping_status":"closed","template":"","meta":{"_monsterinsights_skip_tracking":false,"_monsterinsights_sitenote_active":false,"_monsterinsights_sitenote_note":"","_monsterinsights_sitenote_category":0,"footnotes":""},"class_list":["post-24","page","type-page","status-publish","hentry"],"_links":{"self":[{"href":"https:\/\/www.ajttemuseivanner.se\/start\/wp-json\/wp\/v2\/pages\/24","targetHints":{"allow":["GET"]}}],"collection":[{"href":"https:\/\/www.ajttemuseivanner.se\/start\/wp-json\/wp\/v2\/pages"}],"about":[{"href":"https:\/\/www.ajttemuseivanner.se\/start\/wp-json\/wp\/v2\/types\/page"}],"author":[{"embeddable":true,"href":"https:\/\/www.ajttemuseivanner.se\/start\/wp-json\/wp\/v2\/users\/1"}],"replies":[{"embeddable":true,"href":"https:\/\/www.ajttemuseivanner.se\/start\/wp-json\/wp\/v2\/comments?post=24"}],"version-history":[{"count":9,"href":"https:\/\/www.ajttemuseivanner.se\/start\/wp-json\/wp\/v2\/pages\/24\/revisions"}],"predecessor-version":[{"id":270,"href":"https:\/\/www.ajttemuseivanner.se\/start\/wp-json\/wp\/v2\/pages\/24\/revisions\/270"}],"wp:attachment":[{"href":"https:\/\/www.ajttemuseivanner.se\/start\/wp-json\/wp\/v2\/media?parent=24"}],"curies":[{"name":"wp","href":"https:\/\/api.w.org\/{rel}","templated":true}]}}