{"id":37,"date":"2021-06-01T14:12:54","date_gmt":"2021-06-01T12:12:54","guid":{"rendered":"http:\/\/www.ajttemuseivanner.se\/2021\/?page_id=37"},"modified":"2024-03-03T10:48:02","modified_gmt":"2024-03-03T09:48:02","slug":"arsmotesprotokoll","status":"publish","type":"page","link":"https:\/\/www.ajttemuseivanner.se\/start\/arsmotesprotokoll\/","title":{"rendered":"\u00c5rsm\u00f6tesprotokoll"},"content":{"rendered":"<p>H\u00e4r kan Du ta del av f\u00f6reningens \u00e5rsm\u00f6tesprotokoll:<\/p>\n<p><a title=\"\u00c1jtte Musei V\u00e4nner \u00c5rsm\u00f6tesprotokoll 2014\" href=\"https:\/\/www.ajttemuseivanner.se\/wordpress\/wp-content\/uploads\/2014\/03\/%C3%81jtte-Musei-V%C3%A4nner-%C3%85rsm%C3%B6tes-protokoll-2014.pdf\" target=\"_blank\" rel=\"noopener noreferrer\">\u00c5r 2014<\/a><br \/>\n<a title=\"\u00c5rsm\u00f6tesprotokoll 2015\" href=\"https:\/\/www.ajttemuseivanner.se\/wordpress\/wp-content\/uploads\/2015\/02\/AMV-\u00c5rsm\u00f6te-2015.pdf\" target=\"_blank\" rel=\"noopener noreferrer\">\u00c5r 2015<\/a><br \/>\n<a href=\"https:\/\/www.ajttemuseivanner.se\/wordpress\/wp-content\/uploads\/2016\/02\/AMV-a%CC%8Arsmo%CC%88tesprotokoll-2016.pdf\" target=\"_blank\" rel=\"noopener noreferrer\">\u00c5r 2016<\/a><br \/>\n<a href=\"https:\/\/www.ajttemuseivanner.se\/wordpress\/wp-content\/uploads\/2017\/04\/A%CC%81MV-A%CC%8Arsmo%CC%88tesprotokoll-2017.pdf\" target=\"_blank\" rel=\"noopener noreferrer\">\u00c5r 2017<\/a><br \/>\n<a href=\"https:\/\/www.ajttemuseivanner.se\/wordpress\/wp-content\/uploads\/2018\/03\/A\u0301MV-A\u030arsmo\u0308tesprotokoll-2018.pdf\">\u00c5r 2018<\/a><a><br \/>\n<\/a><a href=\"https:\/\/www.ajttemuseivanner.se\/wordpress\/wp-content\/uploads\/2019\/02\/A\u0301MV-a\u030arsmo\u0308tesprotokoll-2019.pdf\">\u00c5r 2019<\/a><br \/>\n<a href=\"https:\/\/www.ajttemuseivanner.se\/wordpress\/wp-content\/uploads\/2020\/09\/Protokoll-AMV-arsmote-200204.pdf\">\u00c5r 2020<\/a><br \/>\n<a href=\"https:\/\/www.ajttemuseivanner.se\/wordpress\/wp-content\/uploads\/2021\/03\/ARSMOTESPROTOKOLL2021.pdf\">\u00c5r 2021<\/a><br \/>\n<a href=\"http:\/\/www.ajttemuseivanner.se\/start\/wp-content\/uploads\/2022\/02\/Ar-2022.pdf\">\u00c5r 2022<\/a><br \/>\n<a href=\"http:\/\/www.ajttemuseivanner.se\/start\/wp-content\/uploads\/2023\/11\/Arsmotesprotokoll-AMV-2023.pdf\">\u00c5r 2023<\/a><br \/>\n<a href=\"http:\/\/www.ajttemuseivanner.se\/start\/wp-content\/uploads\/2024\/03\/Arsmotesprotkoll_med_bilaga_2024.pdf\">\u00c5r 2024<\/a><\/p>\n","protected":false},"excerpt":{"rendered":"<p>H\u00e4r kan Du ta del av f\u00f6reningens \u00e5rsm\u00f6tesprotokoll: \u00c5r 2014 \u00c5r 2015 \u00c5r 2016 \u00c5r 2017 \u00c5r 2018 \u00c5r 2019 \u00c5r 2020 \u00c5r 2021 \u00c5r 2022 \u00c5r 2023 \u00c5r 2024<\/p>\n<p class=\"more-link-p\"><a class=\"btn btn-primary\" href=\"https:\/\/www.ajttemuseivanner.se\/start\/arsmotesprotokoll\/\">Read more &rarr;<\/a><\/p>\n","protected":false},"author":1,"featured_media":0,"parent":0,"menu_order":0,"comment_status":"closed","ping_status":"closed","template":"","meta":{"_monsterinsights_skip_tracking":false,"_monsterinsights_sitenote_active":false,"_monsterinsights_sitenote_note":"","_monsterinsights_sitenote_category":0,"footnotes":""},"class_list":["post-37","page","type-page","status-publish","hentry"],"_links":{"self":[{"href":"https:\/\/www.ajttemuseivanner.se\/start\/wp-json\/wp\/v2\/pages\/37","targetHints":{"allow":["GET"]}}],"collection":[{"href":"https:\/\/www.ajttemuseivanner.se\/start\/wp-json\/wp\/v2\/pages"}],"about":[{"href":"https:\/\/www.ajttemuseivanner.se\/start\/wp-json\/wp\/v2\/types\/page"}],"author":[{"embeddable":true,"href":"https:\/\/www.ajttemuseivanner.se\/start\/wp-json\/wp\/v2\/users\/1"}],"replies":[{"embeddable":true,"href":"https:\/\/www.ajttemuseivanner.se\/start\/wp-json\/wp\/v2\/comments?post=37"}],"version-history":[{"count":7,"href":"https:\/\/www.ajttemuseivanner.se\/start\/wp-json\/wp\/v2\/pages\/37\/revisions"}],"predecessor-version":[{"id":223,"href":"https:\/\/www.ajttemuseivanner.se\/start\/wp-json\/wp\/v2\/pages\/37\/revisions\/223"}],"wp:attachment":[{"href":"https:\/\/www.ajttemuseivanner.se\/start\/wp-json\/wp\/v2\/media?parent=37"}],"curies":[{"name":"wp","href":"https:\/\/api.w.org\/{rel}","templated":true}]}}