{"id":40,"date":"2021-06-01T14:13:50","date_gmt":"2021-06-01T12:13:50","guid":{"rendered":"http:\/\/www.ajttemuseivanner.se\/2021\/?page_id=40"},"modified":"2026-01-18T20:32:25","modified_gmt":"2026-01-18T19:32:25","slug":"arsmoteshandlingar","status":"publish","type":"page","link":"https:\/\/www.ajttemuseivanner.se\/start\/arsmoteshandlingar\/","title":{"rendered":"\u00c5rsm\u00f6teshandlingar"},"content":{"rendered":"<p>H\u00e4r hittar du <a href=\"http:\/\/www.ajttemuseivanner.se\/start\/wp-content\/uploads\/2026\/01\/Arsmotet-kallelse-och-dagordning-2026.pdf\">kallelse och dagordning<\/a> f\u00f6r \u00e5rsm\u00f6tet 2026. Ett extrainsatt \u00e5rsm\u00f6te kommer att f\u00f6reg\u00e5 det ordinarie \u00e5rsm\u00f6tet f\u00f6r 2026. H\u00e4r \u00e4r <a href=\"http:\/\/www.ajttemuseivanner.se\/start\/wp-content\/uploads\/2026\/01\/Arsmote-extra-2026-kallelse-och-dagordning-.pdf\">kallelse och dagordning<\/a> f\u00f6r extrainsatt \u00e5rsm\u00f6te.<\/p>\n<p>Ta del av <a href=\"http:\/\/www.ajttemuseivanner.se\/start\/wp-content\/uploads\/2026\/01\/Verksamhetsberattelse-26.pdf\">verksamhetsber\u00e4ttelse f\u00f6r 2025.<\/a><\/p>\n","protected":false},"excerpt":{"rendered":"<p>H\u00e4r hittar du kallelse och dagordning f\u00f6r \u00e5rsm\u00f6tet 2026. Ett extrainsatt \u00e5rsm\u00f6te kommer att f\u00f6reg\u00e5 det ordinarie \u00e5rsm\u00f6tet f\u00f6r 2026. H\u00e4r \u00e4r kallelse och dagordning f\u00f6r extrainsatt \u00e5rsm\u00f6te. Ta del av verksamhetsber\u00e4ttelse f\u00f6r 2025.<\/p>\n<p class=\"more-link-p\"><a class=\"btn btn-primary\" href=\"https:\/\/www.ajttemuseivanner.se\/start\/arsmoteshandlingar\/\">Read more &rarr;<\/a><\/p>\n","protected":false},"author":1,"featured_media":0,"parent":0,"menu_order":0,"comment_status":"closed","ping_status":"closed","template":"","meta":{"_monsterinsights_skip_tracking":false,"_monsterinsights_sitenote_active":false,"_monsterinsights_sitenote_note":"","_monsterinsights_sitenote_category":0,"footnotes":""},"class_list":["post-40","page","type-page","status-publish","hentry"],"_links":{"self":[{"href":"https:\/\/www.ajttemuseivanner.se\/start\/wp-json\/wp\/v2\/pages\/40","targetHints":{"allow":["GET"]}}],"collection":[{"href":"https:\/\/www.ajttemuseivanner.se\/start\/wp-json\/wp\/v2\/pages"}],"about":[{"href":"https:\/\/www.ajttemuseivanner.se\/start\/wp-json\/wp\/v2\/types\/page"}],"author":[{"embeddable":true,"href":"https:\/\/www.ajttemuseivanner.se\/start\/wp-json\/wp\/v2\/users\/1"}],"replies":[{"embeddable":true,"href":"https:\/\/www.ajttemuseivanner.se\/start\/wp-json\/wp\/v2\/comments?post=40"}],"version-history":[{"count":19,"href":"https:\/\/www.ajttemuseivanner.se\/start\/wp-json\/wp\/v2\/pages\/40\/revisions"}],"predecessor-version":[{"id":330,"href":"https:\/\/www.ajttemuseivanner.se\/start\/wp-json\/wp\/v2\/pages\/40\/revisions\/330"}],"wp:attachment":[{"href":"https:\/\/www.ajttemuseivanner.se\/start\/wp-json\/wp\/v2\/media?parent=40"}],"curies":[{"name":"wp","href":"https:\/\/api.w.org\/{rel}","templated":true}]}}