{"id":45,"date":"2021-06-01T14:15:36","date_gmt":"2021-06-01T12:15:36","guid":{"rendered":"http:\/\/www.ajttemuseivanner.se\/2021\/?page_id=45"},"modified":"2025-02-20T18:35:13","modified_gmt":"2025-02-20T17:35:13","slug":"utgivna-smaskrifter","status":"publish","type":"page","link":"https:\/\/www.ajttemuseivanner.se\/start\/utgivna-smaskrifter\/","title":{"rendered":"Utgivna sm\u00e5skrifter"},"content":{"rendered":"<p>Varje \u00e5r ger f\u00f6reningen ut en sm\u00e5skrift inom museet \u00c1jttes verksamhetsomr\u00e5de.\u00a0H\u00e4r kan Du l\u00e5na sm\u00e5skrifterna \u2013 se <a title=\"LIBRIS databas\" href=\"http:\/\/libris.kb.se\/hitlist?d=libris&amp;q=%C3%81jtte+musei+v%C3%A4nner&amp;f=simp&amp;spell=true&amp;hist=true&amp;p=1\" target=\"_blank\" rel=\"noopener noreferrer\">H\u00c4R<\/a>.<\/p>\n<p>2025. Skogen. Tor Tuorda.<br \/>\n2024. \u00c1jttes natursamlingar. G\u00f6ran Sj\u00f6berg.<br \/>\n2023. V\u00e5ra marker: lappskatteland och ortnamn i Jokkmokk. Ann-Charlotte Sjaggo.<br \/>\n2022. Elli-Karin Pavval &#8211; Vart barn \u00e4r sin egen sol. Sara Aira Fj\u00e4llstr\u00f6m.<br \/>\n2021. Julevs\u00e1me vuoddaga\/Lulesamiska skoband. Katarina Spik Skum.<br \/>\n2020. Harald Grundstr\u00f6m. Karin Tuolja.<br \/>\n2019. Samefolket 100 \u00e5r. \u00c5sa Lindstrand och Victoria Harnesk.<br \/>\n2018. Udtja \u2013 En personlig ber\u00e4ttelse av Michael Teilus.<br \/>\n2017. J\u00e5hk\u00e5m\u00e5hkke \u2013 Skidkultur med samiskt ursprung. \u00c5sa Lindstrand och Tor Lundberg Tuorda.<br \/>\n2016. Fj\u00e4lltr\u00e4dg\u00e5rden \u2013 En Fj\u00e4llbotanisk tr\u00e4dg\u00e5rd i Jokkmokk. G\u00f6ran Sj\u00f6berg.<br \/>\n2015. Meraga Juh\u00e1n. \u00c5sa Lindstrand och Tor Lundberg Tuorda.<br \/>\n2014. Betraktelser av en trumma. Sunna Kuoljok och Anna Westman Kuhmunen.<br \/>\n2013. Rensk\u00f6tarkvinnor : om renar och kvinnans roll i rensk\u00f6tseln. Berit Inga och Ida Sunna.<br \/>\n2012. G\u00e1masuojne = Skoh\u00f6. Kajsa Kuoljok.<br \/>\n2011. Notfiska, nuohttit. Bieht\u00e1r Ingvar Olof Rimpi.<br \/>\n2010. Sejtar som har f\u00f6rts bort och kommit hem. Apmut Ivar Kuoljok, John Kuoljok o Anna Westman Kuhmunen.<br \/>\n2009. \u00c1jtte musei v\u00e4nner 30 \u00e5r. Hans Anderson, Kjell-\u00c5ke Aronsson.<br \/>\n2008. Getsk\u00f6tsel bland rensk\u00f6tande samer. Ann-Catrin Blind, Kajsa Kuoljok.<br \/>\n2007. DNA-sp\u00e5r ger nya kunskaper om j\u00e4rven. Eva Hedmark.<br \/>\n2006. Jokkmokks fj\u00e4lltr\u00e4dg\u00e5rd : nu har den blomstrat i tio \u00e5r. Thomas \u00d6berg.<br \/>\n2005. Samisk etnomedicin : en introduktion. Torbj\u00f6rn Arnold.<br \/>\n2004. Ett levande museum : \u00c1jtte musei v\u00e4nners jubileumsskrift 2004. Hans Anderson.<br \/>\n10. Utvecklingsl\u00e4ran och fr\u00e5gan om samernas bost\u00e4der i Jokkmokks kommun 1933-1946. Gertrude Hanes.<br \/>\n9. Renmj\u00f6lkning och mj\u00f6lkvallar : Johan och Ibb-Anna ber\u00e4ttar. Yngve Ryd.<br \/>\n8. Tankar kring exploateringen av Sameland. Ingrid Bergstrand.<br \/>\n7. Noai\u2019de och goabdes. Hans Anderson.<br \/>\n6. D\u00e5ll\u00e5b\u00e5htts\u00e5 : om D\u00e5ll\u00e5b\u00e5htts\u00e5 och Guolmas ber\u00e4ttat f\u00f6r Yngve Ryd. Yngve Ryd.<br \/>\n5. Ramsos land. Hans Anderson.<br \/>\n4. Samernas folkmedicin. Torbj\u00f6rn Arnold.<br \/>\n3. Gietka, gierkav, gierkam : den samiska vaggan. Marianne Nilsson.<br \/>\n2. Vantar fr\u00e5n Skaite. Erika Pavval.<br \/>\n1. Jokkmokks museum : bakgrund och tillkomst 1960-69. Nils H\u00f6venmark.<\/p>\n","protected":false},"excerpt":{"rendered":"<p>Varje \u00e5r ger f\u00f6reningen ut en sm\u00e5skrift inom museet \u00c1jttes verksamhetsomr\u00e5de.\u00a0H\u00e4r kan Du l\u00e5na sm\u00e5skrifterna \u2013 se H\u00c4R. 2025. Skogen. Tor Tuorda. 2024. \u00c1jttes natursamlingar. G\u00f6ran Sj\u00f6berg. 2023. V\u00e5ra marker: lappskatteland och ortnamn i Jokkmokk. Ann-Charlotte Sjaggo. 2022. Elli-Karin Pavval &#8211; Vart barn \u00e4r sin egen sol. Sara Aira Fj\u00e4llstr\u00f6m. 2021. Julevs\u00e1me vuoddaga\/Lulesamiska skoband. Katarina&hellip;<\/p>\n<p class=\"more-link-p\"><a class=\"btn btn-primary\" href=\"https:\/\/www.ajttemuseivanner.se\/start\/utgivna-smaskrifter\/\">Read more &rarr;<\/a><\/p>\n","protected":false},"author":1,"featured_media":0,"parent":0,"menu_order":0,"comment_status":"closed","ping_status":"closed","template":"","meta":{"_monsterinsights_skip_tracking":false,"_monsterinsights_sitenote_active":false,"_monsterinsights_sitenote_note":"","_monsterinsights_sitenote_category":0,"footnotes":""},"class_list":["post-45","page","type-page","status-publish","hentry"],"_links":{"self":[{"href":"https:\/\/www.ajttemuseivanner.se\/start\/wp-json\/wp\/v2\/pages\/45","targetHints":{"allow":["GET"]}}],"collection":[{"href":"https:\/\/www.ajttemuseivanner.se\/start\/wp-json\/wp\/v2\/pages"}],"about":[{"href":"https:\/\/www.ajttemuseivanner.se\/start\/wp-json\/wp\/v2\/types\/page"}],"author":[{"embeddable":true,"href":"https:\/\/www.ajttemuseivanner.se\/start\/wp-json\/wp\/v2\/users\/1"}],"replies":[{"embeddable":true,"href":"https:\/\/www.ajttemuseivanner.se\/start\/wp-json\/wp\/v2\/comments?post=45"}],"version-history":[{"count":5,"href":"https:\/\/www.ajttemuseivanner.se\/start\/wp-json\/wp\/v2\/pages\/45\/revisions"}],"predecessor-version":[{"id":301,"href":"https:\/\/www.ajttemuseivanner.se\/start\/wp-json\/wp\/v2\/pages\/45\/revisions\/301"}],"wp:attachment":[{"href":"https:\/\/www.ajttemuseivanner.se\/start\/wp-json\/wp\/v2\/media?parent=45"}],"curies":[{"name":"wp","href":"https:\/\/api.w.org\/{rel}","templated":true}]}}