{"id":91,"date":"2021-10-14T19:01:10","date_gmt":"2021-10-14T17:01:10","guid":{"rendered":"https:\/\/www.ajttemuseivanner.se\/start\/?page_id=91"},"modified":"2024-01-13T14:19:29","modified_gmt":"2024-01-13T13:19:29","slug":"gamla-medlemsbrev","status":"publish","type":"page","link":"https:\/\/www.ajttemuseivanner.se\/start\/gamla-medlemsbrev\/","title":{"rendered":"Gamla medlemsbrev"},"content":{"rendered":"<p>H\u00e4r hittar ni v\u00e5ra gamla medlemsbrev:<\/p>\n<p>H\u00e4r kan Du ta del av tidigare medlemsbrev d\u00e4r du kan l\u00e4sa vad som skett i f\u00f6reningen:<\/p>\n<p><a title=\"Medlemsbrev Maj 2014\" href=\"https:\/\/www.ajttemuseivanner.se\/wordpress\/wp-content\/uploads\/2014\/05\/Medlems-brev-%C3%81jtte-Musei-V%C3%A4nner.pdf\" target=\"_blank\" rel=\"noopener noreferrer\">Medlemsbrev \u2013 v\u00e5ren\u00a02014<\/a><br \/>\n<a title=\"Medlemsbrev h\u00f6sten 2014\" href=\"https:\/\/www.ajttemuseivanner.se\/wordpress\/wp-content\/uploads\/2014\/10\/AMV-Medlemsbrev-h%C3%B6sten-2014.pdf\" target=\"_blank\" rel=\"noopener noreferrer\">Medlemsbrev \u2013 h\u00f6sten 2014<\/a><br \/>\n<a title=\"Medlemsbrev h\u00f6sten 2015\" href=\"https:\/\/www.ajttemuseivanner.se\/wordpress\/wp-content\/uploads\/2015\/04\/%C3%81MV-Nyhetsbrev-v%C3%A5ren-2015.pdf\" target=\"_blank\" rel=\"noopener noreferrer\">Medlemsbrev \u2013 v\u00e5ren\u00a02015<\/a><br \/>\n<a href=\"https:\/\/www.ajttemuseivanner.se\/wordpress\/wp-content\/uploads\/2015\/10\/151031-\u00c1MV-Nyhetsbrev-H\u00f6sten-2015.pdf\" target=\"_blank\" rel=\"noopener noreferrer\">Medlemsbrev \u2013 h\u00f6sten 2015<\/a><br \/>\n<a href=\"https:\/\/www.ajttemuseivanner.se\/wordpress\/wp-content\/uploads\/2016\/04\/160417-A\u0301MV-Nyhetsbrev-va\u030aren-2016.pdf\" target=\"_blank\" rel=\"noopener noreferrer\">Medlemsbrev \u2013 v\u00e5ren 2016<\/a><br \/>\n<a href=\"https:\/\/www.ajttemuseivanner.se\/wordpress\/wp-content\/uploads\/2016\/12\/161206-A\u0301MV-Nyhetsbrev-ho\u0308sten-2016.pdf\">Medlemsbrev \u2013 h\u00f6sten\u00a02016<\/a><br \/>\n<a href=\"https:\/\/www.ajttemuseivanner.se\/wordpress\/wp-content\/uploads\/2017\/03\/170329-A\u0301MV-Nyhetsbrev-va\u030aren-2017.pdf\" target=\"_blank\" rel=\"noopener noreferrer\">Medlemsbrev \u2013 v\u00e5ren 2017<\/a><br \/>\n<a href=\"https:\/\/www.ajttemuseivanner.se\/wordpress\/wp-content\/uploads\/2017\/11\/A%CC%81MV-Nyhetsbrev-ho%CC%88sten-2017.pdf\" target=\"_blank\" rel=\"noopener noreferrer\">Medlemsbrev \u2013 h\u00f6sten 2017<\/a><br \/>\n<a href=\"https:\/\/www.ajttemuseivanner.se\/wordpress\/wp-content\/uploads\/2019\/01\/A\u0301MV-Nyhetsbrev-ho\u0308st-2018.pdf\" target=\"_blank\" rel=\"noopener noreferrer\">Medlemsbrev \u2013 h\u00f6sten 2018<\/a><br \/>\n<a href=\"https:\/\/www.ajttemuseivanner.se\/wordpress\/wp-content\/uploads\/2019\/06\/Medlemsbrev-va\u030aren19.pdf\" target=\"_blank\" rel=\"noopener noreferrer\">Medlemsbrev \u2013 v\u00e5ren 2019<\/a><br \/>\n<a href=\"https:\/\/www.ajttemuseivanner.se\/wordpress\/wp-content\/uploads\/2019\/11\/Medlemsbrev-hosten19.pdf\">Medlemsbrev \u2013 h\u00f6sten 2019<\/a><br \/>\n<a href=\"https:\/\/www.ajttemuseivanner.se\/wordpress\/wp-content\/uploads\/2020\/04\/A\u0301MV-Medlemsbrev-va\u030aren-2020.pdf\">Medlemsbrev \u2013 v\u00e5ren 2020<\/a><br \/>\n<a href=\"https:\/\/www.ajttemuseivanner.se\/wordpress\/wp-content\/uploads\/2020\/12\/Hostbrev-2020-AMV.pdf\">Medlemsbrev \u2013 h\u00f6sten 2020<\/a><br \/>\n<a href=\"http:\/\/www.ajttemuseivanner.se\/start\/wp-content\/uploads\/2021\/10\/Medlemsbrev-host-2021.pdf\">Medlemsbrev h\u00f6st 2021<\/a><br \/>\n<a href=\"http:\/\/www.ajttemuseivanner.se\/start\/wp-content\/uploads\/2023\/11\/Medlemsbrev-juni-2023.pdf\">Medlemsbrev &#8211; juni 2023<\/a><\/p>\n<p>&nbsp;<\/p>\n","protected":false},"excerpt":{"rendered":"<p>H\u00e4r hittar ni v\u00e5ra gamla medlemsbrev: H\u00e4r kan Du ta del av tidigare medlemsbrev d\u00e4r du kan l\u00e4sa vad som skett i f\u00f6reningen: Medlemsbrev \u2013 v\u00e5ren\u00a02014 Medlemsbrev \u2013 h\u00f6sten 2014 Medlemsbrev \u2013 v\u00e5ren\u00a02015 Medlemsbrev \u2013 h\u00f6sten 2015 Medlemsbrev \u2013 v\u00e5ren 2016 Medlemsbrev \u2013 h\u00f6sten\u00a02016 Medlemsbrev \u2013 v\u00e5ren 2017 Medlemsbrev \u2013 h\u00f6sten 2017 Medlemsbrev \u2013 h\u00f6sten&hellip;<\/p>\n<p class=\"more-link-p\"><a class=\"btn btn-primary\" href=\"https:\/\/www.ajttemuseivanner.se\/start\/gamla-medlemsbrev\/\">Read more &rarr;<\/a><\/p>\n","protected":false},"author":1,"featured_media":0,"parent":0,"menu_order":0,"comment_status":"closed","ping_status":"closed","template":"","meta":{"_monsterinsights_skip_tracking":false,"_monsterinsights_sitenote_active":false,"_monsterinsights_sitenote_note":"","_monsterinsights_sitenote_category":0,"footnotes":""},"class_list":["post-91","page","type-page","status-publish","hentry"],"_links":{"self":[{"href":"https:\/\/www.ajttemuseivanner.se\/start\/wp-json\/wp\/v2\/pages\/91","targetHints":{"allow":["GET"]}}],"collection":[{"href":"https:\/\/www.ajttemuseivanner.se\/start\/wp-json\/wp\/v2\/pages"}],"about":[{"href":"https:\/\/www.ajttemuseivanner.se\/start\/wp-json\/wp\/v2\/types\/page"}],"author":[{"embeddable":true,"href":"https:\/\/www.ajttemuseivanner.se\/start\/wp-json\/wp\/v2\/users\/1"}],"replies":[{"embeddable":true,"href":"https:\/\/www.ajttemuseivanner.se\/start\/wp-json\/wp\/v2\/comments?post=91"}],"version-history":[{"count":3,"href":"https:\/\/www.ajttemuseivanner.se\/start\/wp-json\/wp\/v2\/pages\/91\/revisions"}],"predecessor-version":[{"id":201,"href":"https:\/\/www.ajttemuseivanner.se\/start\/wp-json\/wp\/v2\/pages\/91\/revisions\/201"}],"wp:attachment":[{"href":"https:\/\/www.ajttemuseivanner.se\/start\/wp-json\/wp\/v2\/media?parent=91"}],"curies":[{"name":"wp","href":"https:\/\/api.w.org\/{rel}","templated":true}]}}